{"id":59,"date":"2023-03-02T00:05:46","date_gmt":"2023-03-02T00:05:46","guid":{"rendered":"https:\/\/staging.planxpert.ca\/cluboptimiste-sept-ilesorg\/?page_id=59"},"modified":"2023-06-23T19:15:29","modified_gmt":"2023-06-23T19:15:29","slug":"activites","status":"publish","type":"page","link":"https:\/\/cluboptimiste-sept-iles.org\/index.php\/activites\/","title":{"rendered":"Activit\u00e9s"},"content":{"rendered":"<p>[et_pb_section fb_built=\u00a0\u00bb1&Prime; _builder_version=\u00a0\u00bb4.20.0&Prime; _module_preset=\u00a0\u00bbdefault\u00a0\u00bb background_image=\u00a0\u00bbhttps:\/\/cluboptimiste-sept-iles.org\/wp-content\/uploads\/2023\/03\/nonprofitorganization_01.jpg\u00a0\u00bb global_colors_info=\u00a0\u00bb{}\u00a0\u00bb][et_pb_row _builder_version=\u00a0\u00bb4.20.0&Prime; _module_preset=\u00a0\u00bbdefault\u00a0\u00bb global_colors_info=\u00a0\u00bb{}\u00a0\u00bb][et_pb_column type=\u00a0\u00bb4_4&Prime; _builder_version=\u00a0\u00bb4.20.0&Prime; _module_preset=\u00a0\u00bbdefault\u00a0\u00bb global_colors_info=\u00a0\u00bb{}\u00a0\u00bb][et_pb_text _builder_version=\u00a0\u00bb4.20.0&Prime; _module_preset=\u00a0\u00bbdefault\u00a0\u00bb animation_style=\u00a0\u00bbslide\u00a0\u00bb global_colors_info=\u00a0\u00bb{}\u00a0\u00bb]<\/p>\n<h1 style=\"text-align: center;\"><span style=\"color: #ff9900;\"><strong>Nos activit\u00e9s<\/strong><\/span><\/h1>\n<p>[\/et_pb_text][\/et_pb_column][\/et_pb_row][et_pb_row _builder_version=\u00a0\u00bb4.20.0&Prime; _module_preset=\u00a0\u00bbdefault\u00a0\u00bb background_color=\u00a0\u00bbrgba(12,113,195,0.23)\u00a0\u00bb custom_padding=\u00a0\u00bb10px|10px|10px|10px|false|false\u00a0\u00bb border_radii=\u00a0\u00bbon|10px|10px|10px|10px\u00a0\u00bb border_width_all=\u00a0\u00bb1px\u00a0\u00bb border_color_all=\u00a0\u00bb#0C71C3&Prime; global_colors_info=\u00a0\u00bb{}\u00a0\u00bb][et_pb_column type=\u00a0\u00bb4_4&Prime; _builder_version=\u00a0\u00bb4.20.0&Prime; _module_preset=\u00a0\u00bbdefault\u00a0\u00bb global_colors_info=\u00a0\u00bb{}\u00a0\u00bb][et_pb_text _builder_version=\u00a0\u00bb4.20.0&Prime; _module_preset=\u00a0\u00bbdefault\u00a0\u00bb global_colors_info=\u00a0\u00bb{}\u00a0\u00bb]<\/p>\n<p><span style=\"color: #ffffff;\">Le club optimiste est un organisme de service envers la jeunesse compos\u00e9 de membres adultes.\u00a0 Nous avons combin\u00e9 un volet social \u00e0 nos activit\u00e9s afin de permettre une meilleurs communication et une meilleure synergie \u00e0 l&rsquo;int\u00e9rieur du groupe.<\/span><\/p>\n<p><span style=\"color: #ffffff;\">Nous aidons notre jeunesse \u00e0 r\u00e9ussir \u00e0 l&rsquo;\u00e9cole en les aidant \u00e0 obtenir le mat\u00e9riel scolaire qu&rsquo;ils ont besoin, en assurant la s\u00e9curit\u00e9 lors de leur bal de finissants ou en les encourageant \u00e0 pers\u00e9v\u00e9rer.<\/span><\/p>\n<p><span style=\"color: #ffffff;\">Il est remarquable que de plus en plus de jeunes s&rsquo;int\u00e9resse \u00e0 la culture comme\u00a0la danse, la musique, le th\u00e9\u00e2tre, le spectacle et le chant.\u00a0 Dupuis des ann\u00e9es nous les aidons en leur facilitant l&rsquo;acc\u00e8s \u00e0 la sc\u00e8ne.<\/span><\/p>\n<p><span style=\"color: #ffffff;\">C&rsquo;est une r\u00e9alit\u00e9, des jeunes ne sont pas en bonne sant\u00e9 ou sont m\u00eame malade.\u00a0 C&rsquo;est d\u00e9j\u00e0 assez difficile pour eux, nous ne voulons pas les ignorer et les laisser \u00e0 eux-m\u00eames.\u00a0 Nous avons mis en place des projets r\u00e9currents afin de leur venir en aide directement ou par l&rsquo;interm\u00e9diaire d&rsquo;organismes qui les aident d\u00e9j\u00e0.<\/span><\/p>\n<p>[\/et_pb_text][\/et_pb_column][\/et_pb_row][et_pb_row column_structure=\u00a0\u00bb1_2,1_2&Prime; admin_label=\u00a0\u00bbLigne\u00a0\u00bb _builder_version=\u00a0\u00bb4.20.0&Prime; _module_preset=\u00a0\u00bbdefault\u00a0\u00bb global_colors_info=\u00a0\u00bb{}\u00a0\u00bb][et_pb_column type=\u00a0\u00bb1_2&Prime; _builder_version=\u00a0\u00bb4.20.0&Prime; _module_preset=\u00a0\u00bbdefault\u00a0\u00bb global_colors_info=\u00a0\u00bb{}\u00a0\u00bb][et_pb_toggle title=\u00a0\u00bbSoupers mixtes\u00a0\u00bb open_toggle_text_color=\u00a0\u00bb#EDF000&Prime; closed_toggle_text_color=\u00a0\u00bb#EDF000&Prime; _builder_version=\u00a0\u00bb4.20.0&Prime; _module_preset=\u00a0\u00bbdefault\u00a0\u00bb title_text_color=\u00a0\u00bb#EDF000&Prime; title_font=\u00a0\u00bb|700|||||||\u00a0\u00bb closed_title_font=\u00a0\u00bb|700|||||||\u00a0\u00bb background_color=\u00a0\u00bbrgba(12,113,195,0.57)\u00a0\u00bb border_color_all=\u00a0\u00bb#0C71C3&Prime; global_colors_info=\u00a0\u00bb{}\u00a0\u00bb]<\/p>\n<p><span style=\"color: #ffffff;\">Plusieurs conjoint(e) ou ami(e)s de membres Optimiste nous aident \u00e0 nos activit\u00e9s.\u00a0 Afin de les remercier et de les faire participer \u00e0 nos r\u00e9unions\u00a0un souper est organis\u00e9 \u00e0 plusieurs occasions pendant l&rsquo;ann\u00e9e, parfois sous un terme particulier, o\u00f9 les conjoints et invit\u00e9s peuvent y assister.\u00a0<\/span><\/p>\n<p>[\/et_pb_toggle][et_pb_toggle title=\u00a0\u00bbSouper b\u00e9n\u00e9fice\u00a0\u00bb open_toggle_text_color=\u00a0\u00bb#EDF000&Prime; closed_toggle_text_color=\u00a0\u00bb#EDF000&Prime; _builder_version=\u00a0\u00bb4.20.0&Prime; _module_preset=\u00a0\u00bbdefault\u00a0\u00bb title_text_color=\u00a0\u00bb#EDF000&Prime; title_font=\u00a0\u00bb|700|||||||\u00a0\u00bb closed_title_font=\u00a0\u00bb|700|||||||\u00a0\u00bb background_color=\u00a0\u00bbrgba(12,113,195,0.57)\u00a0\u00bb border_color_all=\u00a0\u00bb#0C71C3&Prime; locked=\u00a0\u00bboff\u00a0\u00bb global_colors_info=\u00a0\u00bb{}\u00a0\u00bb]<\/p>\n<p style=\"text-align: left;\"><span style=\"color: #ffffff;\">C&rsquo;est la seule activit\u00e9 de financement organis\u00e9e par les membres du club.\u00a0 Les convives de cette soir\u00e9e de gala qui se tient sous le signe de l&rsquo;humour sont invit\u00e9s \u00e0 participer \u00e0 des encans cri\u00e9s et silencieux.\u00a0 Ces encans sont des gracieuset\u00e9s de g\u00e9n\u00e9reux commanditaires.\u00a0 Depuis 1979, plusieurs millions de dollars ont \u00e9t\u00e9 ainsi ramass\u00e9s puis redistribu\u00e9s soit en dons ou en activit\u00e9s pour notre jeunesse.<\/span><\/p>\n<p>[\/et_pb_toggle][et_pb_toggle title=\u00a0\u00bbS\u00e9curit\u00e9 Tapis Rouge\u00a0\u00bb open_toggle_text_color=\u00a0\u00bb#EDF000&Prime; closed_toggle_text_color=\u00a0\u00bb#EDF000&Prime; _builder_version=\u00a0\u00bb4.21.0&Prime; _module_preset=\u00a0\u00bbdefault\u00a0\u00bb title_text_color=\u00a0\u00bb#EDF000&Prime; title_font=\u00a0\u00bb|700|||||||\u00a0\u00bb closed_title_font=\u00a0\u00bb|700|||||||\u00a0\u00bb background_color=\u00a0\u00bbrgba(12,113,195,0.57)\u00a0\u00bb hover_enabled=\u00a0\u00bb0&Prime; border_color_all=\u00a0\u00bb#0C71C3&Prime; locked=\u00a0\u00bboff\u00a0\u00bb global_colors_info=\u00a0\u00bb{}\u00a0\u00bb sticky_enabled=\u00a0\u00bb0&Prime;]<\/p>\n<p><span style=\"color: #ffffff;\">Afin de c\u00e9l\u00e9brer en toute s\u00e9curit\u00e9 le bal des finissants(es) du secondaire de l<span lang=\"fr-ca\">&lsquo;Institut d&rsquo;Enseignement de Sept-\u00celes, de Manikoutai et de Queen Elisabeth High School<\/span>, le Club Optimiste orchestre b\u00e9n\u00e9volement l\u2019arriv\u00e9e des jeunes dans une zone s\u00e9curis\u00e9e du site. La population est invit\u00e9e \u00e0 assister \u00e0 cet \u00e9v\u00e9nement grandiose digne des tapis rouges hollywoodiens.<span lang=\"fr-ca\">\u00a0<\/span><\/span><\/p>\n<p>[\/et_pb_toggle][et_pb_toggle title=\u00a0\u00bbOpti-Star\u00a0\u00bb open_toggle_text_color=\u00a0\u00bb#EDF000&Prime; closed_toggle_text_color=\u00a0\u00bb#EDF000&Prime; _builder_version=\u00a0\u00bb4.20.0&Prime; _module_preset=\u00a0\u00bbdefault\u00a0\u00bb title_text_color=\u00a0\u00bb#EDF000&Prime; title_font=\u00a0\u00bb|700|||||||\u00a0\u00bb closed_title_font=\u00a0\u00bb|700|||||||\u00a0\u00bb background_color=\u00a0\u00bbrgba(12,113,195,0.57)\u00a0\u00bb border_color_all=\u00a0\u00bb#0C71C3&Prime; locked=\u00a0\u00bboff\u00a0\u00bb global_colors_info=\u00a0\u00bb{}\u00a0\u00bb]<\/p>\n<p><span style=\"color: #ffffff;\">Des jeunes de tous les \u00e2ges performent tour \u00e0 tour sur la sc\u00e8ne de la Salle Jean-Marc Dion devant une salle comble.\u00a0 Il y a du chant, de la danse, de la magie, des musiciens et l&rsquo;art dramatique ainsi que de l&rsquo;humour.\u00a0 Les billets d&rsquo;entr\u00e9e sont distribu\u00e9s gratuitement.<\/span><\/p>\n<p><span lang=\"fr-ca\" style=\"color: #ffffff;\">L&rsquo;inscription se fait \u00e0 l&rsquo;int\u00e9rieur du milieu scolaire.<\/span><\/p>\n<p><span style=\"color: #ffffff;\">Les participants sont aid\u00e9s et encadr\u00e9s afin que leur prestation soit la meilleure possible.\u00a0 Des prix sont remis aux participants.\u00a0 Mais la meilleure r\u00e9compenses est de leur permettre d&rsquo;exprimer leurs talents devant un public dans un environnement \u00e0 cet effet support\u00e9 par des personnes d&rsquo;exp\u00e9rience.<\/span><\/p>\n<p>[\/et_pb_toggle][et_pb_toggle title=\u00a0\u00bbProjet CLSC\u00a0\u00bb open_toggle_text_color=\u00a0\u00bb#EDF000&Prime; closed_toggle_text_color=\u00a0\u00bb#EDF000&Prime; _builder_version=\u00a0\u00bb4.20.0&Prime; _module_preset=\u00a0\u00bbdefault\u00a0\u00bb title_text_color=\u00a0\u00bb#EDF000&Prime; title_font=\u00a0\u00bb|700|||||||\u00a0\u00bb closed_title_font=\u00a0\u00bb|700|||||||\u00a0\u00bb background_color=\u00a0\u00bbrgba(12,113,195,0.57)\u00a0\u00bb border_color_all=\u00a0\u00bb#0C71C3&Prime; locked=\u00a0\u00bboff\u00a0\u00bb global_colors_info=\u00a0\u00bb{}\u00a0\u00bb]<\/p>\n<p><span style=\"color: #ffffff;\">Programme d&rsquo;aide familiale.\u00a0 Des activit\u00e9s ont pour but de renforcer le lien parent-enfant, d&rsquo;outiller les parents \u00e0 r\u00e9pondre ad\u00e9quatement aux besoins de leurs enfants et\u00a0 de cr\u00e9er des moments o\u00f9 ils seront susceptibles d&rsquo;avoir du plaisir en famille.\u00a0 Les enfants cibl\u00e9s sont \u00e2g\u00e9s entre 0 et 5 ans.<\/span><br \/><span lang=\"fr-ca\" style=\"color: #ffffff;\"><br \/>Ces personnes sont r\u00e9f\u00e9r\u00e9es par le CLSC selon un processus qui assure l&rsquo;absolue discr\u00e9tion sur l&rsquo;identit\u00e9 de l&rsquo;enfant et sur la nature de l&rsquo;aide apport\u00e9.\u00a0 Un petit comit\u00e9 analyse les demandes et organise la meilleure aide possible.\u00a0 La forme de l&rsquo;aide fournit est aussi vari\u00e9e que les besoins.<\/span><\/p>\n<p>[\/et_pb_toggle][\/et_pb_column][et_pb_column type=\u00a0\u00bb1_2&Prime; _builder_version=\u00a0\u00bb4.20.0&Prime; _module_preset=\u00a0\u00bbdefault\u00a0\u00bb global_colors_info=\u00a0\u00bb{}\u00a0\u00bb][et_pb_toggle title=\u00a0\u00bbSoupers r\u00e9guliers\u00a0\u00bb open_toggle_text_color=\u00a0\u00bb#EDF000&Prime; closed_toggle_text_color=\u00a0\u00bb#EDF000&Prime; _builder_version=\u00a0\u00bb4.20.0&Prime; _module_preset=\u00a0\u00bbdefault\u00a0\u00bb title_text_color=\u00a0\u00bb#EDF000&Prime; title_font=\u00a0\u00bb|700|||||||\u00a0\u00bb closed_title_font=\u00a0\u00bb|700|||||||\u00a0\u00bb background_color=\u00a0\u00bbrgba(12,113,195,0.57)\u00a0\u00bb border_color_all=\u00a0\u00bb#0C71C3&Prime; locked=\u00a0\u00bboff\u00a0\u00bb global_colors_info=\u00a0\u00bb{}\u00a0\u00bb]<\/p>\n<p><span style=\"color: #ffffff;\">Ces soupers\/r\u00e9unions ont lieu plusieurs fois par mois de septembre \u00e0 mai.\u00a0 Nous discutons des projets en cours et de nouveaux projets en d\u00e9veloppement.\u00a0 Chaque membre optimiste, incluant ceux des autres clubs optimistes, peuvent y assister.\u00a0 Nous avons \u00e0 l&rsquo;occasion des invit\u00e9s afin de discuter de sujets ou projets en particulier.<\/span><\/p>\n<p>[\/et_pb_toggle][et_pb_toggle title=\u00a0\u00bbNo\u00ebl de l&rsquo;Espoir\u00a0\u00bb open_toggle_text_color=\u00a0\u00bb#EDF000&Prime; closed_toggle_text_color=\u00a0\u00bb#EDF000&Prime; _builder_version=\u00a0\u00bb4.20.0&Prime; _module_preset=\u00a0\u00bbdefault\u00a0\u00bb title_text_color=\u00a0\u00bb#EDF000&Prime; title_font=\u00a0\u00bb|700|||||||\u00a0\u00bb closed_title_font=\u00a0\u00bb|700|||||||\u00a0\u00bb background_color=\u00a0\u00bbrgba(12,113,195,0.57)\u00a0\u00bb border_color_all=\u00a0\u00bb#0C71C3&Prime; locked=\u00a0\u00bboff\u00a0\u00bb global_colors_info=\u00a0\u00bb{}\u00a0\u00bb]<\/p>\n<p><span style=\"color: #ffffff;\">En collaboration avec le CLSC, Wal-Mart et IGA, la population est invit\u00e9e en d\u00e9cembre \u00e0 acheter un cadeau pour un enfant.\u00a0 Quelques jours avant No\u00ebl, les Optimistes aident le P\u00e8re No\u00ebl en distribuant ces cadeaux ainsi que des livres et quelques denr\u00e9es fournis par le Club comme des dindes et des p\u00e2t\u00e9s \u00e0 la viande.<\/span><\/p>\n<p><span style=\"color: #ffffff;\">Des b\u00e9n\u00e9voles font un travail \u00e9norme pour emballer et distribuer ces pr\u00e9sents.\u00a0 Des commer\u00e7ants aident aussi en bonifiant les cadeaux.\u00a0 Les membres Optimistes vont les distribuer dans les maisons quelques jours avant No\u00ebl.<\/span><\/p>\n<p><span style=\"color: #ffffff;\">Cela permet \u00e0 des familles de passer un No\u00ebl plus heureux.<\/span><\/p>\n<p>[\/et_pb_toggle][et_pb_toggle title=\u00a0\u00bbSemaine de l&rsquo;appr\u00e9ciation \u00e0 la jeunesse\u00a0\u00bb open_toggle_text_color=\u00a0\u00bb#EDF000&Prime; closed_toggle_text_color=\u00a0\u00bb#EDF000&Prime; _builder_version=\u00a0\u00bb4.20.0&Prime; _module_preset=\u00a0\u00bbdefault\u00a0\u00bb title_text_color=\u00a0\u00bb#EDF000&Prime; title_font=\u00a0\u00bb|700|||||||\u00a0\u00bb closed_title_font=\u00a0\u00bb|700|||||||\u00a0\u00bb background_color=\u00a0\u00bbrgba(12,113,195,0.57)\u00a0\u00bb border_color_all=\u00a0\u00bb#0C71C3&Prime; locked=\u00a0\u00bboff\u00a0\u00bb global_colors_info=\u00a0\u00bb{}\u00a0\u00bb]<\/p>\n<p><span style=\"color: #ffffff;\">B\u00e2tir l&rsquo;estime de soi des jeunes.\u00a0 Reconna\u00eetre leurs talents pour les arts, les sports et autres.\u00a0 Comment?\u00a0 Par la semaine de l&rsquo;Appr\u00e9ciation de la jeunesse!\u00a0 Pour honorer cette jeunesse, les Optimistes tiennent des activit\u00e9s instructives.\u00a0 Ces jeunes sont invit\u00e9s \u00e0 un souper o\u00f9 ceux-ci sont pr\u00e9sent\u00e9s afin de relater le pourquoi de leur pr\u00e9sence et des cadeaux leur sont remis.<\/span><\/p>\n<p><span style=\"color: #ffffff;\">Ce sont les \u00e9coles, clubs sportifs et organismes culturelles qui choisissent les participants.\u00a0 Ces jeunes m\u00e9ritants constituent notre futur.\u00a0<\/span><\/p>\n<p>[\/et_pb_toggle][et_pb_toggle title=\u00a0\u00bbNo\u00ebl \u00e0 l&rsquo;h\u00f4pital\u00a0\u00bb open_toggle_text_color=\u00a0\u00bb#EDF000&Prime; closed_toggle_text_color=\u00a0\u00bb#EDF000&Prime; _builder_version=\u00a0\u00bb4.20.0&Prime; _module_preset=\u00a0\u00bbdefault\u00a0\u00bb title_text_color=\u00a0\u00bb#EDF000&Prime; title_font=\u00a0\u00bb|700|||||||\u00a0\u00bb closed_title_font=\u00a0\u00bb|700|||||||\u00a0\u00bb background_color=\u00a0\u00bbrgba(12,113,195,0.57)\u00a0\u00bb border_color_all=\u00a0\u00bb#0C71C3&Prime; locked=\u00a0\u00bboff\u00a0\u00bb global_colors_info=\u00a0\u00bb{}\u00a0\u00bb]<\/p>\n<p><span style=\"color: #ffffff;\">Le 25 d\u00e9cembre, les Optimistes vont \u00e9gayer les jeunes et les moins jeunes \u00e0 l&rsquo;h\u00f4pital avec des cadeaux, des g\u00e2teries et beaucoup de joie.\u00a0 Ils visitent \u00e9galement la R\u00e9sidence Gustave-Gauvreau et les soins de longue dur\u00e9e pour distribuer un peu d&rsquo;amour.<\/span><\/p>\n<p>[\/et_pb_toggle][\/et_pb_column][\/et_pb_row][\/et_pb_section]<\/p>\n","protected":false},"excerpt":{"rendered":"<p>Nos activit\u00e9sLe club optimiste est un organisme de service envers la jeunesse compos\u00e9 de membres adultes.\u00a0 Nous avons combin\u00e9 un volet social \u00e0 nos activit\u00e9s afin de permettre une meilleurs communication et une meilleure synergie \u00e0 l&rsquo;int\u00e9rieur du groupe. Nous aidons notre jeunesse \u00e0 r\u00e9ussir \u00e0 l&rsquo;\u00e9cole en les aidant \u00e0 obtenir le mat\u00e9riel scolaire [&hellip;]<\/p>\n","protected":false},"author":1,"featured_media":0,"parent":0,"menu_order":0,"comment_status":"closed","ping_status":"closed","template":"","meta":{"_et_pb_use_builder":"on","_et_pb_old_content":"","_et_gb_content_width":"","_monsterinsights_skip_tracking":false,"_monsterinsights_sitenote_active":false,"_monsterinsights_sitenote_note":"","_monsterinsights_sitenote_category":0,"footnotes":""},"class_list":["post-59","page","type-page","status-publish","hentry"],"_links":{"self":[{"href":"https:\/\/cluboptimiste-sept-iles.org\/index.php\/wp-json\/wp\/v2\/pages\/59","targetHints":{"allow":["GET"]}}],"collection":[{"href":"https:\/\/cluboptimiste-sept-iles.org\/index.php\/wp-json\/wp\/v2\/pages"}],"about":[{"href":"https:\/\/cluboptimiste-sept-iles.org\/index.php\/wp-json\/wp\/v2\/types\/page"}],"author":[{"embeddable":true,"href":"https:\/\/cluboptimiste-sept-iles.org\/index.php\/wp-json\/wp\/v2\/users\/1"}],"replies":[{"embeddable":true,"href":"https:\/\/cluboptimiste-sept-iles.org\/index.php\/wp-json\/wp\/v2\/comments?post=59"}],"version-history":[{"count":8,"href":"https:\/\/cluboptimiste-sept-iles.org\/index.php\/wp-json\/wp\/v2\/pages\/59\/revisions"}],"predecessor-version":[{"id":109,"href":"https:\/\/cluboptimiste-sept-iles.org\/index.php\/wp-json\/wp\/v2\/pages\/59\/revisions\/109"}],"wp:attachment":[{"href":"https:\/\/cluboptimiste-sept-iles.org\/index.php\/wp-json\/wp\/v2\/media?parent=59"}],"curies":[{"name":"wp","href":"https:\/\/api.w.org\/{rel}","templated":true}]}}