{"id":130,"date":"2023-10-08T18:11:17","date_gmt":"2023-10-08T18:11:17","guid":{"rendered":"https:\/\/cluboptimiste-sept-iles.org\/?page_id=130"},"modified":"2023-10-09T01:17:15","modified_gmt":"2023-10-09T01:17:15","slug":"politique-de-confidentialite","status":"publish","type":"page","link":"https:\/\/cluboptimiste-sept-iles.org\/index.php\/politique-de-confidentialite\/","title":{"rendered":"Politique de confidentialit\u00e9"},"content":{"rendered":"<p>[et_pb_section fb_built=\u00a0\u00bb1&Prime; _builder_version=\u00a0\u00bb4.20.0&Prime; _module_preset=\u00a0\u00bbdefault\u00a0\u00bb background_image=\u00a0\u00bbhttps:\/\/cluboptimiste-sept-iles.org\/wp-content\/uploads\/2023\/03\/nonprofitorganization_01.jpg\u00a0\u00bb global_colors_info=\u00a0\u00bb{}\u00a0\u00bb][et_pb_row admin_label=\u00a0\u00bbTitre\u00a0\u00bb _builder_version=\u00a0\u00bb4.20.0&Prime; _module_preset=\u00a0\u00bbdefault\u00a0\u00bb global_colors_info=\u00a0\u00bb{}\u00a0\u00bb][et_pb_column type=\u00a0\u00bb4_4&Prime; _builder_version=\u00a0\u00bb4.20.0&Prime; _module_preset=\u00a0\u00bbdefault\u00a0\u00bb global_colors_info=\u00a0\u00bb{}\u00a0\u00bb][et_pb_text admin_label=\u00a0\u00bbTexte Club Optimiste de Sept-\u00celes\u00a0\u00bb _builder_version=\u00a0\u00bb4.21.0&Prime; _module_preset=\u00a0\u00bbdefault\u00a0\u00bb header_text_color=\u00a0\u00bb#E09900&Prime; animation_style=\u00a0\u00bbslide\u00a0\u00bb global_colors_info=\u00a0\u00bb{}\u00a0\u00bb]<\/p>\n<h1 style=\"text-align: center;\"><strong>Club Optimiste de Sept-\u00celes<\/strong><\/h1>\n<p>[\/et_pb_text][\/et_pb_column][\/et_pb_row][et_pb_row _builder_version=\u00a0\u00bb4.21.0&Prime; _module_preset=\u00a0\u00bbdefault\u00a0\u00bb background_color=\u00a0\u00bbrgba(12,113,195,0.23)\u00a0\u00bb global_colors_info=\u00a0\u00bb{}\u00a0\u00bb][et_pb_column type=\u00a0\u00bb4_4&Prime; _builder_version=\u00a0\u00bb4.21.0&Prime; _module_preset=\u00a0\u00bbdefault\u00a0\u00bb global_colors_info=\u00a0\u00bb{}\u00a0\u00bb][et_pb_text admin_label=\u00a0\u00bbTexte politique de confidentialit\u00e9\u00a0\u00bb _builder_version=\u00a0\u00bb4.22.2&Prime; _module_preset=\u00a0\u00bbdefault\u00a0\u00bb text_text_color=\u00a0\u00bb#FFFFFF\u00a0\u00bb header_text_color=\u00a0\u00bb#ffffff\u00a0\u00bb custom_margin=\u00a0\u00bb|10px||10px|false|false\u00a0\u00bb custom_padding=\u00a0\u00bb||16px|||\u00a0\u00bb hover_enabled=\u00a0\u00bb0&Prime; global_colors_info=\u00a0\u00bb{}\u00a0\u00bb sticky_enabled=\u00a0\u00bb0&Prime;]<\/p>\n<p style=\"text-align: center;\"><strong>Politique de confidentialit\u00e9 des renseignements personnels<\/strong><\/p>\n<p>&nbsp;<\/p>\n<ol>\n<li><strong>Introduction<\/strong><\/li>\n<\/ol>\n<p>Devant le d\u00e9veloppement des nouveaux outils de communication, il est n\u00e9cessaire de porter une attention particuli\u00e8re \u00e0 la protection de la vie priv\u00e9e.<\/p>\n<p>Le Club Optimiste de Sept-\u00celes s\u2019engage \u00e0 prot\u00e9ger votre vie priv\u00e9e.\u00a0 Notre politique de confidentialit\u00e9 vise \u00e0 vous informer nos pratiques adopt\u00e9es concernant les renseignements personnels.<\/p>\n<p>Si vous communiquez volontairement de l\u2019information personnelle ou hautement confidentielle \u00e0 un membre de notre personnel, seule l\u2019information requise pour permettre de r\u00e9pondre \u00e0 votre demande est utilis\u00e9e.<\/p>\n<p>Nous nous engageons \u00e0 reconna\u00eetre vos droits concernant\u00a0:<\/p>\n<ul>\n<li>Le respect de la confidentialit\u00e9 de vos renseignements personnels;<\/li>\n<li>L\u2019acc\u00e8s \u00e0 vos renseignements personnels;<\/li>\n<li>La modification de vos renseignements personnels, s\u2019ils sont incomplets, inexacts, \u00e9quivoques ou si leur collecte, leur communication ou leur conservation ne sont pas autoris\u00e9es par la loi.<\/li>\n<li>Le retrait de vos renseignements personnels en tout ou en partie.<\/li>\n<\/ul>\n<p>&nbsp;<\/p>\n<ol start=\"2\">\n<li><strong>Collecte et utilisation<\/strong><\/li>\n<\/ol>\n<p>Les renseignements personnels que nous pouvons collecter sont\u00a0:<\/p>\n<ul>\n<li>Nom<\/li>\n<li>Adresse civique<\/li>\n<li>Courriel<\/li>\n<li>Num\u00e9ro de t\u00e9l\u00e9phone<\/li>\n<li>D\u00e9tails de paiement (incluant les informations de carte de cr\u00e9dit)<\/li>\n<\/ul>\n<p>Nous recueillons ces informations aux fins suivantes\u00a0:<\/p>\n<ul>\n<li>Fournir et exploiter les services;<\/li>\n<li>Fournir \u00e0 nos utilisateurs une assistance et un support technique permanents;<\/li>\n<li>Pouvoir contacter nos utilisateurs avec des avis g\u00e9n\u00e9raux ou personnalis\u00e9s relatifs au service et des messages promotionnels;<\/li>\n<li>Pour cr\u00e9er des donn\u00e9es statistiques agr\u00e9g\u00e9es et d\u2019autres informations non personnels agr\u00e9g\u00e9es et\/ou d\u00e9duites, que nous pouvons utiliser pour fournir et am\u00e9liorer nos services;<\/li>\n<li>Se conformer aux lois et r\u00e8glements applicables.<\/li>\n<\/ul>\n<p>Nous pouvons vous contacter pour vous informer sur votre compte, pour r\u00e9soudre des probl\u00e8mes avec votre compte, pour r\u00e9soudre un litige, pour collecter des frais ou des sommes dues, pour sonder votre opinion par le biais d&rsquo;enqu\u00eates ou de questionnaires, pour envoyer des mises \u00e0 jour sur notre soci\u00e9t\u00e9, ou si n\u00e9cessaire pour vous contacter afin de faire respecter notre contrat d&rsquo;utilisation, les lois nationales applicables, et tout accord que nous pourrions avoir avec vous. \u00c0 ces fins, nous pouvons vous contacter par courrier \u00e9lectronique, t\u00e9l\u00e9phone, messages textuels et courrier postal.<\/p>\n<p>&nbsp;<\/p>\n<ol start=\"3\">\n<li><strong>Donn\u00e9es \u00e9chang\u00e9es lors de l\u2019acc\u00e8s au site<\/strong><\/li>\n<\/ol>\n<p>Lorsque vous acc\u00e9dez \u00e0 notre site web <a href=\"http:\/\/www.micro7cur.com\">www.cluboptimiste-sept-iles.org<\/a>, votre ordinateur et le serveur \u00e9changent automatiquement des donn\u00e9es n\u00e9cessaires pour que le serveur vous transmette les informations dans un format compatible avec l\u2019\u00e9quipement informatique que vous utilisez, soit\u00a0:<\/p>\n<ul>\n<li>L\u2019identification de votre fournisseur d\u2019acc\u00e8s \u00e0 internet;<\/li>\n<li>Votre adresse IP;<\/li>\n<li>Le navigateur que vous utilisez;<\/li>\n<li>La date et l\u2019heure de votre acc\u00e8s au site;<\/li>\n<li>Les pages web que vous visitez;<\/li>\n<li>L\u2019adresse du site qui vous a dirig\u00e9 vers celui du Club Optimiste de Sept-\u00celes, s\u2019il y a lieu.<\/li>\n<\/ul>\n<p>Ces informations ne permettent en aucun cas de vous identifier personnellement.<\/p>\n<p>&nbsp;<\/p>\n<ol start=\"4\">\n<li><strong>S\u00e9curit\u00e9 des renseignements<\/strong><\/li>\n<\/ol>\n<p>Les renseignements personnels que nous collectons sont conserv\u00e9s dans un environnement s\u00e9curis\u00e9. Les personnes travaillant pour nous sont tenues de respecter la confidentialit\u00e9 de vos informations.<\/p>\n<p>Pour assurer la s\u00e9curit\u00e9 de vos renseignements personnels, nous avons recours aux mesures suivantes :<\/p>\n<ul>\n<li>Connexions s\u00e9curis\u00e9s (https)<\/li>\n<li>Protocole SSL<\/li>\n<li>Gestion des acc\u00e8s &#8211; personne autoris\u00e9e<\/li>\n<li>Gestion des acc\u00e8s &#8211; personne concern\u00e9e<\/li>\n<li>Logiciel de surveillance et de protection des \u00e9quipements informatiques<\/li>\n<li>Sauvegarde informatique<\/li>\n<li>Identifiant \/ mot de passe<\/li>\n<li>Pare-feu<\/li>\n<li>Mises \u00e0 jour des logiciels et des \u00e9quipements informatiques<\/li>\n<\/ul>\n<p>Nous nous engageons \u00e0 maintenir un haut degr\u00e9 de confidentialit\u00e9 en int\u00e9grant les derni\u00e8res innovations technologiques permettant d\u2019assurer la confidentialit\u00e9 de vos transactions.<\/p>\n<p>&nbsp;<\/p>\n<p>Nous nous r\u00e9servons le droit de modifier cette politique de confidentialit\u00e9 \u00e0 tout moment.\u00a0 Les modifications et les clarifications prendront effet d\u00e8s leur publication sur le site web. Si nous apportons des modifications importantes \u00e0 la pr\u00e9sente politique, nous vous informerons ici de sa mise \u00e0 jour, afin que vous sachiez quelles informations nous recueillons, comment nous les utilisons et dans quelles circonstances, le cas \u00e9ch\u00e9ant, nous les utilisons.<\/p>\n<p>Si vous d\u00e9sirez modifier vos donn\u00e9es ou que vous avez des questions ou commentaires, veuillez nous contacter \u00e0 info@cluboptimiste-sept-iles.org ou nous envoyer un courrier \u00e0 <span><strong>Club Optimiste de Sept-\u00celes, <\/strong><\/span><span>C.P. 446, <\/span><span>Sept-\u00celes, Qu\u00e9bec, <\/span><span>G4R 4K6.<\/span><\/p>\n<p>[\/et_pb_text][\/et_pb_column][\/et_pb_row][\/et_pb_section]<\/p>\n","protected":false},"excerpt":{"rendered":"<p>Club Optimiste de Sept-\u00celesPolitique de confidentialit\u00e9 des renseignements personnels &nbsp; Introduction Devant le d\u00e9veloppement des nouveaux outils de communication, il est n\u00e9cessaire de porter une attention particuli\u00e8re \u00e0 la protection de la vie priv\u00e9e. Le Club Optimiste de Sept-\u00celes s\u2019engage \u00e0 prot\u00e9ger votre vie priv\u00e9e.\u00a0 Notre politique de confidentialit\u00e9 vise \u00e0 vous informer nos pratiques [&hellip;]<\/p>\n","protected":false},"author":1,"featured_media":0,"parent":0,"menu_order":0,"comment_status":"closed","ping_status":"closed","template":"","meta":{"_et_pb_use_builder":"on","_et_pb_old_content":"","_et_gb_content_width":"","_monsterinsights_skip_tracking":false,"_monsterinsights_sitenote_active":false,"_monsterinsights_sitenote_note":"","_monsterinsights_sitenote_category":0,"footnotes":""},"class_list":["post-130","page","type-page","status-publish","hentry"],"_links":{"self":[{"href":"https:\/\/cluboptimiste-sept-iles.org\/index.php\/wp-json\/wp\/v2\/pages\/130","targetHints":{"allow":["GET"]}}],"collection":[{"href":"https:\/\/cluboptimiste-sept-iles.org\/index.php\/wp-json\/wp\/v2\/pages"}],"about":[{"href":"https:\/\/cluboptimiste-sept-iles.org\/index.php\/wp-json\/wp\/v2\/types\/page"}],"author":[{"embeddable":true,"href":"https:\/\/cluboptimiste-sept-iles.org\/index.php\/wp-json\/wp\/v2\/users\/1"}],"replies":[{"embeddable":true,"href":"https:\/\/cluboptimiste-sept-iles.org\/index.php\/wp-json\/wp\/v2\/comments?post=130"}],"version-history":[{"count":8,"href":"https:\/\/cluboptimiste-sept-iles.org\/index.php\/wp-json\/wp\/v2\/pages\/130\/revisions"}],"predecessor-version":[{"id":141,"href":"https:\/\/cluboptimiste-sept-iles.org\/index.php\/wp-json\/wp\/v2\/pages\/130\/revisions\/141"}],"wp:attachment":[{"href":"https:\/\/cluboptimiste-sept-iles.org\/index.php\/wp-json\/wp\/v2\/media?parent=130"}],"curies":[{"name":"wp","href":"https:\/\/api.w.org\/{rel}","templated":true}]}}